{"id":516,"date":"2025-02-15T08:45:51","date_gmt":"2025-02-15T08:45:51","guid":{"rendered":"https:\/\/www.9senses.ai\/?page_id=516"},"modified":"2025-12-17T12:03:45","modified_gmt":"2025-12-17T12:03:45","slug":"ai-strategy","status":"publish","type":"page","link":"https:\/\/www.9senses.ai\/de\/ai-strategy\/","title":{"rendered":"KI-Strategie"},"content":{"rendered":"<div class=\"et_pb_section_0 et_pb_section et_section_regular et_block_section preset--group--divi-section--divi-box-shadow--default preset--group--divi-section--divi-sizing--default\"><div class=\"et_pb_row_0 et_pb_row et_block_row preset--group--divi-row--divi-box-shadow--default preset--group--divi-row--divi-sizing--default\"><div class=\"et_pb_column_0 et_pb_column et_pb_column_4_4 et-last-child et_block_column et_pb_css_mix_blend_mode_passthrough preset--group--divi-column--divi-box-shadow--default preset--group--divi-column--divi-sizing--default\"><div class=\"et_pb_text_0 et_pb_text et_pb_bg_layout_light et_pb_module et_flex_module preset--module--divi-text--a32148e6-9ef3-461c-922a-11c84bc82594\"><div class=\"et_pb_text_inner\"><h4>KI richtig nutzen<\/h4>\n<\/div><\/div><\/div><\/div><div class=\"et_pb_row_1 et_pb_row et_pb_row_3-4_1-4 et_block_row et_block_row_3-4_1-4 preset--group--divi-row--divi-box-shadow--default preset--group--divi-row--divi-sizing--default\"><div class=\"et_pb_column_1 et_pb_column et_pb_column_3_4 et_block_column et_pb_css_mix_blend_mode_passthrough preset--group--divi-column--divi-box-shadow--default preset--group--divi-column--divi-sizing--default\"><div class=\"et_pb_text_1 et_pb_text et_pb_bg_layout_light et_pb_module et_flex_module preset--module--divi-text--869c8dc6-4bb9-4c4d-9fe4-dd172413ccd5\"><div class=\"et_pb_text_inner\"><h1>KI-Strategie<\/h1>\n<\/div><\/div><div class=\"et_pb_text_2 et_pb_text et_pb_bg_layout_light et_pb_module et_flex_module preset--group--divi-text--divi-box-shadow--default preset--group--divi-text--divi-sizing--default preset--module--divi-text--default\"><div class=\"et_pb_text_inner\"><p>With any tool, knowing the purpose of its use is vital. And with AI, this is even more important. After decades where we have made enormous efforts to introduce well-defined processes and rules into everything we are doing, we are inviting the uncertainty of systems that are not built on linear \"IF...THEN\" into our business.<\/p>\n<\/div><\/div><\/div><div class=\"et_pb_column_2 et_pb_column et_pb_column_1_4 et-last-child et_block_column et_pb_css_mix_blend_mode_passthrough preset--group--divi-column--divi-box-shadow--default preset--group--divi-column--divi-sizing--default\"><div class=\"et_pb_image_0 et_pb_image et_pb_module et_flex_module preset--group--divi-image--divi-box-shadow--default preset--group--divi-image--divi-sizing--default\"><span class=\"et_pb_image_wrap\"><img loading=\"lazy\" decoding=\"async\" src=\"https:\/\/www.9senses.ai\/wp-content\/uploads\/2024\/02\/ai-generator-8.png\" title=\"ai-generator-8\" width=\"553\" height=\"408\" srcset=\"https:\/\/www.9senses.ai\/wp-content\/uploads\/2024\/02\/ai-generator-8.png 553w, https:\/\/www.9senses.ai\/wp-content\/uploads\/2024\/02\/ai-generator-8-480x354.png 480w\" sizes=\"(min-width: 0px) and (max-width: 480px) 480px, (min-width: 481px) 553px, 100vw\" class=\"wp-image-81\" \/><\/span><\/div><\/div><\/div><\/div><div class=\"et_pb_section_1 et_pb_section et_section_regular et_block_section preset--group--divi-section--divi-box-shadow--default preset--group--divi-section--divi-sizing--default\"><div class=\"et_pb_row_2 et_pb_row et_pb_row_3-4_1-4 et_block_row et_block_row_3-4_1-4 preset--group--divi-row--divi-box-shadow--default preset--group--divi-row--divi-sizing--default\"><div class=\"et_pb_column_3 et_pb_column et_pb_column_3_4 et_block_column et_pb_css_mix_blend_mode_passthrough preset--group--divi-column--divi-box-shadow--default preset--group--divi-column--divi-sizing--default\"><div class=\"et_pb_text_3 et_pb_text et_pb_bg_layout_light et_pb_module et_flex_module preset--group--divi-text--divi-box-shadow--default preset--group--divi-text--divi-sizing--default preset--module--divi-text--default\"><div class=\"et_pb_text_inner\"><p>Thus, matching what we do with where AI can improve it, or identifying new ways of doing business with the help of AI, is the first essential step in successful AI implementation. Too many rushed attempts of \"Let's use AI\" have already led to nothing other than cost, confusion and bad experiences.<\/p>\n<p>9senses can help with the process of defining those goals. We know very well what AI can and cannot do, and we have decades of hands-on experience in managing and supporting businesses. This enables us to bring those two elements together. And we also don't shy away from discouraging AI use where it doesn't fit.<\/p>\n<\/div><\/div><\/div><div class=\"et_pb_column_4 et_pb_column et_pb_column_1_4 et-last-child et_block_column et_pb_css_mix_blend_mode_passthrough preset--group--divi-column--divi-box-shadow--default preset--group--divi-column--divi-sizing--default\"><div class=\"et_pb_image_1 et_pb_image et_pb_module et_flex_module preset--group--divi-image--divi-box-shadow--default preset--group--divi-image--divi-sizing--default\"><span class=\"et_pb_image_wrap\"><img loading=\"lazy\" decoding=\"async\" src=\"https:\/\/www.9senses.ai\/wp-content\/uploads\/2025\/02\/andy-kelly-0E_vhMVqL9g-unsplash-300x200.jpg\" alt=\"Photo by Andy Kelly on Unsplash\" title=\"andy-kelly-0E_vhMVqL9g-unsplash\" width=\"300\" height=\"200\" srcset=\"https:\/\/www.9senses.ai\/wp-content\/uploads\/2025\/02\/andy-kelly-0E_vhMVqL9g-unsplash-300x200.jpg 300w\" class=\"wp-image-529\" \/><\/span><\/div><\/div><\/div><div class=\"et_pb_row_3 et_pb_row et_block_row preset--group--divi-row--divi-box-shadow--default preset--group--divi-row--divi-sizing--default\"><div class=\"et_pb_column_5 et_pb_column et_pb_column_4_4 et-last-child et_block_column et_pb_css_mix_blend_mode_passthrough preset--group--divi-column--divi-box-shadow--default preset--group--divi-column--divi-sizing--default\"><div class=\"et_pb_text_4 et_pb_text et_pb_bg_layout_light et_pb_module et_flex_module preset--module--divi-text--b7b51e3d-d9e5-4cec-a6c5-4722c2613c23\"><div class=\"et_pb_text_inner\"><h2>KI-Strategie und Portfolio<\/h2>\n<\/div><\/div><\/div><\/div><div class=\"et_pb_row_4 et_pb_row et_pb_row_4col et_block_row et_block_row_4col preset--group--divi-row--divi-box-shadow--default preset--group--divi-row--divi-sizing--default\"><div class=\"et_pb_column_6 et_pb_column et_pb_column_1_4 et_block_column et_pb_css_mix_blend_mode_passthrough preset--group--divi-column--divi-box-shadow--default preset--group--divi-column--divi-sizing--default\"><div class=\"et_pb_icon_0 et_pb_icon et_pb_module et_flex_module preset--group--divi-icon--divi-box-shadow--default preset--group--divi-icon--divi-sizing--default\"><span class=\"et_pb_icon_wrap\"><span class=\"et-pb-icon\">t<\/span><\/span><\/div><div class=\"et_pb_text_5 et_pb_text et_pb_bg_layout_light et_pb_module et_flex_module preset--module--divi-text--04dd952a-a3c9-4efe-a73a-5db5502e2b83\"><div class=\"et_pb_text_inner\"><h5>Strategische Chancen finden<\/h5>\n<\/div><\/div><div class=\"et_pb_text_6 et_pb_text et_pb_bg_layout_light et_pb_module et_flex_module preset--group--divi-text--divi-box-shadow--default preset--group--divi-text--divi-sizing--default preset--module--divi-text--default\"><div class=\"et_pb_text_inner\"><p>Initially, it is important to identify business areas where AI can help improve the business or save cost - or the identification of new business opportunities with AI.<\/p>\n<\/div><\/div><\/div><div class=\"et_pb_column_7 et_pb_column et_pb_column_1_4 et_block_column et_pb_css_mix_blend_mode_passthrough preset--group--divi-column--divi-box-shadow--default preset--group--divi-column--divi-sizing--default\"><div class=\"et_pb_image_2 et_pb_image et_pb_module et_flex_module preset--group--divi-image--divi-box-shadow--default preset--group--divi-image--divi-sizing--default\"><span class=\"et_pb_image_wrap\"><img loading=\"lazy\" decoding=\"async\" src=\"https:\/\/www.9senses.ai\/wp-content\/uploads\/2024\/02\/ai_generator12_icon_1.png\" title=\"ai_generator12_icon_1\" width=\"48\" height=\"48\" srcset=\"https:\/\/www.9senses.ai\/wp-content\/uploads\/2024\/02\/ai_generator12_icon_1.png 48w\" sizes=\"(max-width: 48px) 100vw, 48px\" class=\"wp-image-57\" \/><\/span><\/div><div class=\"et_pb_text_7 et_pb_text et_pb_bg_layout_light et_pb_module et_flex_module preset--module--divi-text--04dd952a-a3c9-4efe-a73a-5db5502e2b83\"><div class=\"et_pb_text_inner\"><h5>Business und Use Cases entwickeln<\/h5>\n<\/div><\/div><div class=\"et_pb_text_8 et_pb_text et_pb_bg_layout_light et_pb_module et_flex_module preset--group--divi-text--divi-box-shadow--default preset--group--divi-text--divi-sizing--default preset--module--divi-text--default\"><div class=\"et_pb_text_inner\"><p>Darauf kommt die Entwicklung valider Busniess und Use Cases, die Bed\u00fcrfnisse und M\u00f6glichkeiten von KI beleuchten, und  klar Kosten und Benefits aufzeigen.<\/p>\n<\/div><\/div><\/div><div class=\"et_pb_column_8 et_pb_column et_pb_column_1_4 et_block_column et_pb_css_mix_blend_mode_passthrough preset--group--divi-column--divi-box-shadow--default preset--group--divi-column--divi-sizing--default\"><div class=\"et_pb_image_3 et_pb_image et_pb_module et_flex_module preset--group--divi-image--divi-box-shadow--default preset--group--divi-image--divi-sizing--default\"><span class=\"et_pb_image_wrap\"><img loading=\"lazy\" decoding=\"async\" src=\"https:\/\/www.9senses.ai\/wp-content\/uploads\/2024\/02\/ai_generator09_icon_4.png\" title=\"ai_generator09_icon_4\" width=\"48\" height=\"48\" srcset=\"https:\/\/www.9senses.ai\/wp-content\/uploads\/2024\/02\/ai_generator09_icon_4.png 48w\" sizes=\"(max-width: 48px) 100vw, 48px\" class=\"wp-image-53\" \/><\/span><\/div><div class=\"et_pb_text_9 et_pb_text et_pb_bg_layout_light et_pb_module et_flex_module preset--module--divi-text--04dd952a-a3c9-4efe-a73a-5db5502e2b83\"><div class=\"et_pb_text_inner\"><h5>Ein strategisches KI-Portfolio aufbauen<\/h5>\n<\/div><\/div><div class=\"et_pb_text_10 et_pb_text et_pb_bg_layout_light et_pb_module et_flex_module preset--group--divi-text--divi-box-shadow--default preset--group--divi-text--divi-sizing--default preset--module--divi-text--default\"><div class=\"et_pb_text_inner\"><p>Um die vielfachen M\u00f6glichkeiten der KI im Blick zu behalten, ist es sinnvoll, m\u00f6gliche Ma\u00dfnhmen in einem strategischen KI-Portfolioansatz zu managen.<\/p>\n<\/div><\/div><\/div><div class=\"et_pb_column_9 et_pb_column et_pb_column_1_4 et-last-child et_block_column et_pb_css_mix_blend_mode_passthrough preset--group--divi-column--divi-box-shadow--default preset--group--divi-column--divi-sizing--default\"><div class=\"et_pb_image_4 et_pb_image et_pb_module et_flex_module preset--group--divi-image--divi-box-shadow--default preset--group--divi-image--divi-sizing--default\"><span class=\"et_pb_image_wrap\"><img loading=\"lazy\" decoding=\"async\" src=\"https:\/\/www.9senses.ai\/wp-content\/uploads\/2024\/02\/ai_generator02_icon_11.png\" title=\"ai_generator02_icon_11\" width=\"48\" height=\"48\" srcset=\"https:\/\/www.9senses.ai\/wp-content\/uploads\/2024\/02\/ai_generator02_icon_11.png 48w\" sizes=\"(max-width: 48px) 100vw, 48px\" class=\"wp-image-54\" \/><\/span><\/div><div class=\"et_pb_text_11 et_pb_text et_pb_bg_layout_light et_pb_module et_flex_module preset--module--divi-text--04dd952a-a3c9-4efe-a73a-5db5502e2b83\"><div class=\"et_pb_text_inner\"><h5>Strategisches KI-Monitoring<\/h5>\n<\/div><\/div><div class=\"et_pb_text_12 et_pb_text et_pb_bg_layout_light et_pb_module et_flex_module preset--group--divi-text--divi-box-shadow--default preset--group--divi-text--divi-sizing--default preset--module--divi-text--default\"><div class=\"et_pb_text_inner\"><p>Um der schnellen Entwicklung neuer M\u00f6glichkeiten Rechnung zu tragen, lohnt es sich, kontinuierlich den Markt zu \u00fcberwachen, um neue Ans\u00e4tze pr\u00fcfen und bewerten zu k\u00f6nnen.<\/p>\n<\/div><\/div><\/div><\/div><div class=\"et_pb_row_5 et_pb_row et_block_row preset--group--divi-row--divi-box-shadow--default preset--group--divi-row--divi-sizing--default\"><div class=\"et_pb_column_10 et_pb_column et_pb_column_4_4 et-last-child et_block_column et_pb_css_mix_blend_mode_passthrough preset--group--divi-column--divi-box-shadow--default preset--group--divi-column--divi-sizing--default\"><div class=\"et_pb_text_13 et_pb_text et_pb_bg_layout_light et_pb_module et_flex_module preset--group--divi-text--divi-box-shadow--default preset--group--divi-text--divi-sizing--default preset--module--divi-text--default\"><div class=\"et_pb_text_inner\"><p>Wir von 9senses k\u00f6nnen langj\u00e4hrige Erfahrung aus Management und Unternehmensberatung mit unserem tiefgreifenden Wissen \u00fcber die M\u00f6glichkeiten von KI kombinieren. Damit helfen wir, schnell und zielf\u00fchrend Klarheit \u00fcber die richtigen strategischen Optionen zu finden.<\/p>\n<\/div><\/div><\/div><\/div><\/div>","protected":false},"excerpt":{"rendered":"","protected":false},"author":1,"featured_media":0,"parent":0,"menu_order":0,"comment_status":"closed","ping_status":"closed","template":"","meta":{"_acf_changed":false,"footnotes":""},"class_list":["post-516","page","type-page","status-publish","hentry"],"acf":[],"_links":{"self":[{"href":"https:\/\/www.9senses.ai\/de\/wp-json\/wp\/v2\/pages\/516","targetHints":{"allow":["GET"]}}],"collection":[{"href":"https:\/\/www.9senses.ai\/de\/wp-json\/wp\/v2\/pages"}],"about":[{"href":"https:\/\/www.9senses.ai\/de\/wp-json\/wp\/v2\/types\/page"}],"author":[{"embeddable":true,"href":"https:\/\/www.9senses.ai\/de\/wp-json\/wp\/v2\/users\/1"}],"replies":[{"embeddable":true,"href":"https:\/\/www.9senses.ai\/de\/wp-json\/wp\/v2\/comments?post=516"}],"version-history":[{"count":0,"href":"https:\/\/www.9senses.ai\/de\/wp-json\/wp\/v2\/pages\/516\/revisions"}],"wp:attachment":[{"href":"https:\/\/www.9senses.ai\/de\/wp-json\/wp\/v2\/media?parent=516"}],"curies":[{"name":"wp","href":"https:\/\/api.w.org\/{rel}","templated":true}]}}