{"id":79,"date":"2024-02-28T12:57:31","date_gmt":"2024-02-28T12:57:31","guid":{"rendered":"https:\/\/www.9senses.ai\/?page_id=79"},"modified":"2026-03-06T07:12:10","modified_gmt":"2026-03-06T07:12:10","slug":"why-9senses","status":"publish","type":"page","link":"https:\/\/www.9senses.ai\/de\/why-9senses\/","title":{"rendered":"9senses"},"content":{"rendered":"<div class=\"et_pb_section_0 et_pb_section et_section_regular et_block_section preset--group--divi-section--divi-box-shadow--default preset--group--divi-section--divi-sizing--default\">\n<div class=\"et_pb_row_0 et_pb_row et_block_row preset--group--divi-row--divi-box-shadow--default preset--group--divi-row--divi-sizing--default\">\n<div class=\"et_pb_column_0 et_pb_column et_pb_column_4_4 et-last-child et_block_column et_pb_css_mix_blend_mode_passthrough preset--group--divi-column--divi-box-shadow--default preset--group--divi-column--divi-sizing--default\">\n<div class=\"et_pb_text_0 et_pb_text et_pb_bg_layout_light et_pb_module et_block_module preset--module--divi-text--9f6bba78-428e-4c83-b816-460811c2c529\"><div class=\"et_pb_text_inner\"><h4>Wie Menschen Information verarbeiten<\/h4>\n<\/div><\/div>\n<\/div>\n<\/div>\n\n<div class=\"et_pb_row_1 et_pb_row et_pb_row_3-4_1-4 et_block_row et_block_row_3-4_1-4 preset--group--divi-row--divi-box-shadow--default preset--group--divi-row--divi-sizing--default\">\n<div class=\"et_pb_column_1 et_pb_column et_pb_column_3_4 et_block_column et_pb_css_mix_blend_mode_passthrough preset--group--divi-column--divi-box-shadow--default preset--group--divi-column--divi-sizing--default\">\n<div class=\"et_pb_text_1 et_pb_text et_pb_bg_layout_light et_pb_module et_block_module preset--module--divi-text--0241502a-1974-4cc3-b28c-915e7d98c0df\"><div class=\"et_pb_text_inner\"><h1>(Warum) 9 Sinne?<\/h1>\n<\/div><\/div>\n\n<div class=\"et_pb_text_2 et_pb_text et_pb_bg_layout_light et_pb_module et_block_module preset--module--divi-text--258bb3fd-bfcf-4c1f-99fb-31ea461945c3\"><div class=\"et_pb_text_inner\"><p>Die heutige Wissenschaft spricht, im Gegensatz zur fr\u00fcheren Sichtweise mit f\u00fcnf traditionallen Sinnen (Sehen, H\u00f6ren, Ber\u00fchrung, Riechen und Schmecken) von mindestens acht Sinnen. Etwas weiter unten erfahren Sie ein wenig dazu, und bald schon werden wir unsere Seite mit weiteren Informationen  zur Funktion unserer Sinneswahrnehmung erg\u00e4nzen.<\/p>\n<p>Mit k\u00fcnstlicher Intelligenz erweitern wir unsere Sinneswahrnehmung und -verarbeitung um eine weitere Dimension, die uns erlaubt, unsere komplexe Welt mit Hilfe von leistungsf\u00e4higer Technologie zu verstehen und zu managen. Auch dazu erfahren Sie hier mehr.<\/p>\n<\/div><\/div>\n<\/div>\n\n<div class=\"et_pb_column_2 et_pb_column et_pb_column_1_4 et-last-child et_block_column et_pb_css_mix_blend_mode_passthrough preset--group--divi-column--divi-box-shadow--default preset--group--divi-column--divi-sizing--default\">\n<div class=\"et_pb_image_0 et_pb_image et_pb_module et_block_module preset--group--divi-image--divi-box-shadow--default preset--group--divi-image--divi-sizing--default\"><span class=\"et_pb_image_wrap\"><img loading=\"lazy\" decoding=\"async\" src=\"https:\/\/www.9senses.ai\/wp-content\/uploads\/2024\/02\/ai-generator-8.png\" width=\"553\" height=\"408\" srcset=\"https:\/\/www.9senses.ai\/wp-content\/uploads\/2024\/02\/ai-generator-8.png 553w, https:\/\/www.9senses.ai\/wp-content\/uploads\/2024\/02\/ai-generator-8-480x354.png 480w\" sizes=\"(min-width: 0px) and (max-width: 480px) 480px, (min-width: 481px) 553px, 100vw\" class=\"wp-image-81\" title=\"ai-generator-8\" \/><\/span><\/div>\n<\/div>\n<\/div>\n<\/div>\n\n<div class=\"et_pb_section_1 et_pb_section et_section_regular et_block_section preset--group--divi-section--divi-box-shadow--default preset--group--divi-section--divi-sizing--default\">\n<div class=\"et_pb_row_2 et_pb_row et_block_row preset--group--divi-row--divi-box-shadow--default preset--group--divi-row--divi-sizing--default\"><div class=\"et_pb_column_3 et_pb_column et_pb_column_4_4 et-last-child et_block_column et_pb_css_mix_blend_mode_passthrough preset--group--divi-column--divi-box-shadow--default preset--group--divi-column--divi-sizing--default\"><div class=\"et_pb_text_3 et_pb_text et_pb_bg_layout_light et_pb_module et_flex_module preset--module--divi-text--dc7ce674-7a5e-4044-aef0-0aa8dfb88bdb\"><div class=\"et_pb_text_inner\"><h3 style=\"text-align: right;\"><span>\"All unser Wissen beginnt mit den Sinnen, geht dann zum Verstand \u00fcber und endet mit der Vernunft. Es gibt nichts H\u00f6heres als Vernunft\"<\/span><\/h3>\n<\/div><\/div><div class=\"et_pb_text_4 et_pb_text et_pb_bg_layout_light et_pb_module et_flex_module preset--module--divi-text--dc7ce674-7a5e-4044-aef0-0aa8dfb88bdb\"><div class=\"et_pb_text_inner\"><p style=\"text-align: right;\"><span style=\"font-family: 'Open Sans'; font-weight: normal;\">Immanuel Kant, Kritik der reinen Vernunft, 1781<\/span><\/p>\n<\/div><\/div><\/div><\/div>\n<\/div>\n\n<div class=\"et_pb_section_2 et_pb_section et_section_regular et_block_section preset--group--divi-section--divi-box-shadow--default preset--group--divi-section--divi-sizing--default\">\n<div class=\"et_pb_row_3 et_pb_row et_pb_row_4col et_block_row et_block_row_4col preset--group--divi-row--divi-box-shadow--default preset--group--divi-row--divi-sizing--default\">\n<div class=\"et_pb_column_4 et_pb_column et_pb_column_1_4 et_block_column et_pb_css_mix_blend_mode_passthrough preset--group--divi-column--divi-box-shadow--default preset--group--divi-column--divi-sizing--default\">\n<div class=\"et_pb_icon_0 et_pb_icon et_pb_module et_block_module preset--group--divi-icon--divi-box-shadow--default preset--group--divi-icon--divi-sizing--default\"><span class=\"et_pb_icon_wrap\"><span class=\"et-pb-icon\">\uf06e<\/span><\/span><\/div>\n\n<div class=\"et_pb_text_5 et_pb_text et_pb_bg_layout_light et_pb_module et_block_module preset--module--divi-text--04dd952a-a3c9-4efe-a73a-5db5502e2b83\"><div class=\"et_pb_text_inner\"><h5>Sehen<\/h5>\n<\/div><\/div>\n\n<div class=\"et_pb_text_6 et_pb_text et_pb_bg_layout_light et_pb_module et_block_module preset--module--divi-text--258bb3fd-bfcf-4c1f-99fb-31ea461945c3\"><div class=\"et_pb_text_inner\"><p>This is one of the most impor\u00adtant senses and helps us to orientate ourselves in the physical world around us.<\/p>\n<\/div><\/div>\n\n<ul class=\"et_pb_counters_0 et_pb_counters et-waypoint et_pb_bg_layout_dark et_pb_module et_block_module preset--group--divi-counters--divi-sizing--default preset--group--divi-counters--divi-box-shadow--default\">\n<li class=\"et_pb_counter_0 et_pb_counter preset--group--divi-counter--divi-box-shadow--default\"><span class=\"et_pb_counter_title\">Mensch<\/span><span class=\"et_pb_counter_container\"><span class=\"et_pb_counter_amount\" data-width=\"1000%\"><span class=\"et_pb_counter_amount_number\"><\/span><\/span><span class=\"et_pb_counter_amount overlay\" data-width=\"1000%\"><span class=\"et_pb_counter_amount_number\"><\/span><\/span><\/span><\/li>\n\n<li class=\"et_pb_counter_1 et_pb_counter preset--group--divi-counter--divi-box-shadow--default\"><span class=\"et_pb_counter_title\">K\u00fcnstliche Intelligenz<\/span><span class=\"et_pb_counter_container\"><span class=\"et_pb_counter_amount\" data-width=\"100%\"><span class=\"et_pb_counter_amount_number\"><\/span><\/span><span class=\"et_pb_counter_amount overlay\" data-width=\"100%\"><span class=\"et_pb_counter_amount_number\"><\/span><\/span><\/span><\/li>\n<\/ul>\n<\/div>\n\n<div class=\"et_pb_column_5 et_pb_column et_pb_column_1_4 et_block_column et_pb_css_mix_blend_mode_passthrough preset--group--divi-column--divi-box-shadow--default preset--group--divi-column--divi-sizing--default\">\n<div class=\"et_pb_icon_1 et_pb_icon et_pb_module et_block_module preset--group--divi-icon--divi-box-shadow--default preset--group--divi-icon--divi-sizing--default\"><span class=\"et_pb_icon_wrap\"><span class=\"et-pb-icon\">\uf2a2<\/span><\/span><\/div>\n\n<div class=\"et_pb_text_7 et_pb_text et_pb_bg_layout_light et_pb_module et_block_module preset--module--divi-text--04dd952a-a3c9-4efe-a73a-5db5502e2b83\"><div class=\"et_pb_text_inner\"><h5>H\u00f6ren<\/h5>\n<\/div><\/div>\n\n<div class=\"et_pb_text_8 et_pb_text et_pb_bg_layout_light et_pb_module et_block_module preset--module--divi-text--258bb3fd-bfcf-4c1f-99fb-31ea461945c3\"><div class=\"et_pb_text_inner\"><p>Ein weiterer wichtiger Sinn, wenn es um direkte Inter\u00adaktion mit der Welt um uns herum geht.<\/p>\n<\/div><\/div>\n\n<ul class=\"et_pb_counters_1 et_pb_counters et-waypoint et_pb_bg_layout_dark et_pb_module et_block_module preset--group--divi-counters--divi-sizing--default preset--group--divi-counters--divi-box-shadow--default\">\n<li class=\"et_pb_counter_2 et_pb_counter preset--group--divi-counter--divi-box-shadow--default\"><span class=\"et_pb_counter_title\">Mensch<\/span><span class=\"et_pb_counter_container\"><span class=\"et_pb_counter_amount\" data-width=\"100%\"><span class=\"et_pb_counter_amount_number\"><\/span><\/span><span class=\"et_pb_counter_amount overlay\" data-width=\"100%\"><span class=\"et_pb_counter_amount_number\"><\/span><\/span><\/span><\/li>\n\n<li class=\"et_pb_counter_3 et_pb_counter preset--group--divi-counter--divi-box-shadow--default\"><span class=\"et_pb_counter_title\">K\u00fcnstliche Intelligenz<\/span><span class=\"et_pb_counter_container\"><span class=\"et_pb_counter_amount\" data-width=\"42%\"><span class=\"et_pb_counter_amount_number\"><\/span><\/span><span class=\"et_pb_counter_amount overlay\" data-width=\"42%\"><span class=\"et_pb_counter_amount_number\"><\/span><\/span><\/span><\/li>\n<\/ul>\n<\/div>\n\n<div class=\"et_pb_column_6 et_pb_column et_pb_column_1_4 et_block_column et_pb_css_mix_blend_mode_passthrough preset--group--divi-column--divi-box-shadow--default preset--group--divi-column--divi-sizing--default\">\n<div class=\"et_pb_icon_2 et_pb_icon et_pb_module et_block_module preset--group--divi-icon--divi-box-shadow--default preset--group--divi-icon--divi-sizing--default\"><span class=\"et_pb_icon_wrap\"><span class=\"et-pb-icon\">\uf577<\/span><\/span><\/div>\n\n<div class=\"et_pb_text_9 et_pb_text et_pb_bg_layout_light et_pb_module et_block_module preset--module--divi-text--04dd952a-a3c9-4efe-a73a-5db5502e2b83\"><div class=\"et_pb_text_inner\"><h5>Tasten<\/h5>\n<\/div><\/div>\n\n<div class=\"et_pb_text_10 et_pb_text et_pb_bg_layout_light et_pb_module et_block_module preset--module--divi-text--258bb3fd-bfcf-4c1f-99fb-31ea461945c3\"><div class=\"et_pb_text_inner\"><p>F\u00fchlen und Tasten er\u00adm\u00f6g\u00adlichen es uns, mithilfe der Rezeptoren in unserer Haut die Umwelt zu be\"greifen\".<\/p>\n<\/div><\/div>\n\n<ul class=\"et_pb_counters_2 et_pb_counters et-waypoint et_pb_bg_layout_dark et_pb_module et_block_module preset--group--divi-counters--divi-sizing--default preset--group--divi-counters--divi-box-shadow--default\">\n<li class=\"et_pb_counter_4 et_pb_counter preset--group--divi-counter--divi-box-shadow--default\"><span class=\"et_pb_counter_title\">Mensch<\/span><span class=\"et_pb_counter_container\"><span class=\"et_pb_counter_amount\" data-width=\"100%\"><span class=\"et_pb_counter_amount_number\"><\/span><\/span><span class=\"et_pb_counter_amount overlay\" data-width=\"100%\"><span class=\"et_pb_counter_amount_number\"><\/span><\/span><\/span><\/li>\n\n<li class=\"et_pb_counter_5 et_pb_counter preset--group--divi-counter--divi-box-shadow--default\"><span class=\"et_pb_counter_title\">K\u00fcnstliche Intelligenz<\/span><span class=\"et_pb_counter_container\"><span class=\"et_pb_counter_amount\" data-width=\"25%\"><span class=\"et_pb_counter_amount_number\"><\/span><\/span><span class=\"et_pb_counter_amount overlay\" data-width=\"25%\"><span class=\"et_pb_counter_amount_number\"><\/span><\/span><\/span><\/li>\n<\/ul>\n<\/div>\n\n<div class=\"et_pb_column_7 et_pb_column et_pb_column_1_4 et-last-child et_block_column et_pb_css_mix_blend_mode_passthrough preset--group--divi-column--divi-box-shadow--default preset--group--divi-column--divi-sizing--default\">\n<div class=\"et_pb_icon_3 et_pb_icon et_pb_module et_block_module preset--group--divi-icon--divi-box-shadow--default preset--group--divi-icon--divi-sizing--default\"><span class=\"et_pb_icon_wrap\"><span class=\"et-pb-icon\">\uf7bb<\/span><\/span><\/div>\n\n<div class=\"et_pb_text_11 et_pb_text et_pb_bg_layout_light et_pb_module et_block_module preset--module--divi-text--04dd952a-a3c9-4efe-a73a-5db5502e2b83\"><div class=\"et_pb_text_inner\"><h5>Schmecken<\/h5>\n<\/div><\/div>\n\n<div class=\"et_pb_text_12 et_pb_text et_pb_bg_layout_light et_pb_module et_block_module preset--module--divi-text--258bb3fd-bfcf-4c1f-99fb-31ea461945c3\"><div class=\"et_pb_text_inner\"><p>Was w\u00e4re die Welt, wenn wir nichts schmecken k\u00f6nnten? Fad w\u00e4re vermutlich das richtige Wort.<\/p>\n<\/div><\/div>\n\n<ul class=\"et_pb_counters_3 et_pb_counters et-waypoint et_pb_bg_layout_dark et_pb_module et_block_module preset--group--divi-counters--divi-sizing--default preset--group--divi-counters--divi-box-shadow--default\">\n<li class=\"et_pb_counter_6 et_pb_counter preset--group--divi-counter--divi-box-shadow--default\"><span class=\"et_pb_counter_title\">Mensch<\/span><span class=\"et_pb_counter_container\"><span class=\"et_pb_counter_amount\" data-width=\"100%\"><span class=\"et_pb_counter_amount_number\"><\/span><\/span><span class=\"et_pb_counter_amount overlay\" data-width=\"100%\"><span class=\"et_pb_counter_amount_number\"><\/span><\/span><\/span><\/li>\n\n<li class=\"et_pb_counter_7 et_pb_counter preset--group--divi-counter--divi-box-shadow--default\"><span class=\"et_pb_counter_title\">K\u00fcnstliche Intelligenz<\/span><span class=\"et_pb_counter_container\"><span class=\"et_pb_counter_amount\" data-width=\"15%\"><span class=\"et_pb_counter_amount_number\"><\/span><\/span><span class=\"et_pb_counter_amount overlay\" data-width=\"15%\"><span class=\"et_pb_counter_amount_number\"><\/span><\/span><\/span><\/li>\n<\/ul>\n<\/div>\n<\/div>\n\n<div class=\"et_pb_row_4 et_pb_row et_pb_row_4col et_block_row et_block_row_4col preset--group--divi-row--divi-box-shadow--default preset--group--divi-row--divi-sizing--default\">\n<div class=\"et_pb_column_8 et_pb_column et_pb_column_1_4 et_block_column et_pb_css_mix_blend_mode_passthrough preset--group--divi-column--divi-box-shadow--default preset--group--divi-column--divi-sizing--default\">\n<div class=\"et_pb_icon_4 et_pb_icon et_pb_module et_block_module preset--group--divi-icon--divi-box-shadow--default preset--group--divi-icon--divi-sizing--default\"><span class=\"et_pb_icon_wrap\"><span class=\"et-pb-icon\">\uf2ed<\/span><\/span><\/div>\n\n<div class=\"et_pb_text_13 et_pb_text et_pb_bg_layout_light et_pb_module et_block_module preset--module--divi-text--04dd952a-a3c9-4efe-a73a-5db5502e2b83\"><div class=\"et_pb_text_inner\"><h5>Riechen<\/h5>\n<\/div><\/div>\n\n<div class=\"et_pb_text_14 et_pb_text et_pb_bg_layout_light et_pb_module et_block_module preset--module--divi-text--258bb3fd-bfcf-4c1f-99fb-31ea461945c3\"><div class=\"et_pb_text_inner\"><p>Smelling helps us enjoy the world too, but also enables us to notice dangers and other things to avoid...<\/p>\n<\/div><\/div>\n\n<ul class=\"et_pb_counters_4 et_pb_counters et-waypoint et_pb_bg_layout_dark et_pb_module et_block_module preset--group--divi-counters--divi-sizing--default preset--group--divi-counters--divi-box-shadow--default\">\n<li class=\"et_pb_counter_8 et_pb_counter preset--group--divi-counter--divi-box-shadow--default\"><span class=\"et_pb_counter_title\">Mensch<\/span><span class=\"et_pb_counter_container\"><span class=\"et_pb_counter_amount\" data-width=\"100%\"><span class=\"et_pb_counter_amount_number\"><\/span><\/span><span class=\"et_pb_counter_amount overlay\" data-width=\"100%\"><span class=\"et_pb_counter_amount_number\"><\/span><\/span><\/span><\/li>\n\n<li class=\"et_pb_counter_9 et_pb_counter preset--group--divi-counter--divi-box-shadow--default\"><span class=\"et_pb_counter_title\">K\u00fcnstliche Intelligenz<\/span><span class=\"et_pb_counter_container\"><span class=\"et_pb_counter_amount\" data-width=\"15%\"><span class=\"et_pb_counter_amount_number\"><\/span><\/span><span class=\"et_pb_counter_amount overlay\" data-width=\"15%\"><span class=\"et_pb_counter_amount_number\"><\/span><\/span><\/span><\/li>\n<\/ul>\n<\/div>\n\n<div class=\"et_pb_column_9 et_pb_column et_pb_column_1_4 et_block_column et_pb_css_mix_blend_mode_passthrough preset--group--divi-column--divi-box-shadow--default preset--group--divi-column--divi-sizing--default\">\n<div class=\"et_pb_icon_5 et_pb_icon et_pb_module et_block_module preset--group--divi-icon--divi-box-shadow--default preset--group--divi-icon--divi-sizing--default\"><span class=\"et_pb_icon_wrap\"><span class=\"et-pb-icon\">\ue01c<\/span><\/span><\/div>\n\n<div class=\"et_pb_text_15 et_pb_text et_pb_bg_layout_light et_pb_module et_block_module preset--module--divi-text--04dd952a-a3c9-4efe-a73a-5db5502e2b83\"><div class=\"et_pb_text_inner\"><h5>Vestibul\u00e4rsystem<\/h5>\n<\/div><\/div>\n\n<div class=\"et_pb_text_16 et_pb_text et_pb_bg_layout_light et_pb_module et_block_module preset--module--divi-text--258bb3fd-bfcf-4c1f-99fb-31ea461945c3\"><div class=\"et_pb_text_inner\"><p>Ein kleines Organ in unseren Ohren hilft uns, das Gleichgewicht zu halten und uns r\u00e4umlich zu orientieren.<\/p>\n<\/div><\/div>\n\n<ul class=\"et_pb_counters_5 et_pb_counters et-waypoint et_pb_bg_layout_dark et_pb_module et_block_module preset--group--divi-counters--divi-sizing--default preset--group--divi-counters--divi-box-shadow--default\">\n<li class=\"et_pb_counter_10 et_pb_counter preset--group--divi-counter--divi-box-shadow--default\"><span class=\"et_pb_counter_title\">Mensch<\/span><span class=\"et_pb_counter_container\"><span class=\"et_pb_counter_amount\" data-width=\"1000%\"><span class=\"et_pb_counter_amount_number\"><\/span><\/span><span class=\"et_pb_counter_amount overlay\" data-width=\"1000%\"><span class=\"et_pb_counter_amount_number\"><\/span><\/span><\/span><\/li>\n\n<li class=\"et_pb_counter_11 et_pb_counter preset--group--divi-counter--divi-box-shadow--default\"><span class=\"et_pb_counter_title\">K\u00fcnstliche Intelligenz<\/span><span class=\"et_pb_counter_container\"><span class=\"et_pb_counter_amount\" data-width=\"90%\"><span class=\"et_pb_counter_amount_number\"><\/span><\/span><span class=\"et_pb_counter_amount overlay\" data-width=\"90%\"><span class=\"et_pb_counter_amount_number\"><\/span><\/span><\/span><\/li>\n<\/ul>\n<\/div>\n\n<div class=\"et_pb_column_10 et_pb_column et_pb_column_1_4 et_block_column et_pb_css_mix_blend_mode_passthrough preset--group--divi-column--divi-box-shadow--default preset--group--divi-column--divi-sizing--default\">\n<div class=\"et_pb_image_1 et_pb_image et_pb_module et_block_module preset--group--divi-image--divi-box-shadow--default preset--group--divi-image--divi-sizing--default\"><span class=\"et_pb_image_wrap\"><img loading=\"lazy\" decoding=\"async\" src=\"https:\/\/www.9senses.ai\/wp-content\/uploads\/2024\/02\/ai_generator12_icon_1.png\" width=\"48\" height=\"48\" srcset=\"https:\/\/www.9senses.ai\/wp-content\/uploads\/2024\/02\/ai_generator12_icon_1.png 48w\" sizes=\"(max-width: 48px) 100vw, 48px\" class=\"wp-image-57\" title=\"ai_generator12_icon_1\" \/><\/span><\/div>\n\n<div class=\"et_pb_text_17 et_pb_text et_pb_bg_layout_light et_pb_module et_block_module preset--module--divi-text--04dd952a-a3c9-4efe-a73a-5db5502e2b83\"><div class=\"et_pb_text_inner\"><h5><span>Propriozeption<\/span><\/h5>\n<\/div><\/div>\n\n<div class=\"et_pb_text_18 et_pb_text et_pb_bg_layout_light et_pb_module et_block_module preset--module--divi-text--258bb3fd-bfcf-4c1f-99fb-31ea461945c3\"><div class=\"et_pb_text_inner\"><p style=\"text-align: left;\">Rezeptoren in unseren Muskeln, Sehnen und Gelenke infomieren unser Gehirn  \u00fcber jede Bewegung.<\/p>\n<\/div><\/div>\n\n<ul class=\"et_pb_counters_6 et_pb_counters et-waypoint et_pb_bg_layout_dark et_pb_module et_block_module preset--group--divi-counters--divi-sizing--default preset--group--divi-counters--divi-box-shadow--default\">\n<li class=\"et_pb_counter_12 et_pb_counter preset--group--divi-counter--divi-box-shadow--default\"><span class=\"et_pb_counter_title\">Mensch<\/span><span class=\"et_pb_counter_container\"><span class=\"et_pb_counter_amount\" data-width=\"100%\"><span class=\"et_pb_counter_amount_number\"><\/span><\/span><span class=\"et_pb_counter_amount overlay\" data-width=\"100%\"><span class=\"et_pb_counter_amount_number\"><\/span><\/span><\/span><\/li>\n\n<li class=\"et_pb_counter_13 et_pb_counter preset--group--divi-counter--divi-box-shadow--default\"><span class=\"et_pb_counter_title\">K\u00fcnstliche Intelligenz<\/span><span class=\"et_pb_counter_container\"><span class=\"et_pb_counter_amount\" data-width=\"37%\"><span class=\"et_pb_counter_amount_number\"><\/span><\/span><span class=\"et_pb_counter_amount overlay\" data-width=\"37%\"><span class=\"et_pb_counter_amount_number\"><\/span><\/span><\/span><\/li>\n<\/ul>\n<\/div>\n\n<div class=\"et_pb_column_11 et_pb_column et_pb_column_1_4 et-last-child et_block_column et_pb_css_mix_blend_mode_passthrough preset--group--divi-column--divi-box-shadow--default preset--group--divi-column--divi-sizing--default\">\n<div class=\"et_pb_icon_6 et_pb_icon et_pb_module et_block_module preset--group--divi-icon--divi-box-shadow--default preset--group--divi-icon--divi-sizing--default\"><span class=\"et_pb_icon_wrap\"><span class=\"et-pb-icon\">\uf071<\/span><\/span><\/div>\n\n<div class=\"et_pb_text_19 et_pb_text et_pb_bg_layout_light et_pb_module et_block_module preset--module--divi-text--04dd952a-a3c9-4efe-a73a-5db5502e2b83\"><div class=\"et_pb_text_inner\"><h5><span>Interozeption<\/span><\/h5>\n<\/div><\/div>\n\n<div class=\"et_pb_text_20 et_pb_text et_pb_bg_layout_light et_pb_module et_block_module preset--module--divi-text--258bb3fd-bfcf-4c1f-99fb-31ea461945c3\"><div class=\"et_pb_text_inner\"><p>This sense provides us with information about what's right or wrong inside our body.<\/p>\n<\/div><\/div>\n\n<ul class=\"et_pb_counters_7 et_pb_counters et-waypoint et_pb_bg_layout_dark et_pb_module et_block_module preset--group--divi-counters--divi-sizing--default preset--group--divi-counters--divi-box-shadow--default\">\n<li class=\"et_pb_counter_14 et_pb_counter preset--group--divi-counter--divi-box-shadow--default\"><span class=\"et_pb_counter_title\">Mensch<\/span><span class=\"et_pb_counter_container\"><span class=\"et_pb_counter_amount\" data-width=\"100%\"><span class=\"et_pb_counter_amount_number\"><\/span><\/span><span class=\"et_pb_counter_amount overlay\" data-width=\"100%\"><span class=\"et_pb_counter_amount_number\"><\/span><\/span><\/span><\/li>\n\n<li class=\"et_pb_counter_15 et_pb_counter preset--group--divi-counter--divi-box-shadow--default\"><span class=\"et_pb_counter_title\">K\u00fcnstliche Intelligenz<\/span><span class=\"et_pb_counter_container\"><span class=\"et_pb_counter_amount\" data-width=\"74%\"><span class=\"et_pb_counter_amount_number\"><\/span><\/span><span class=\"et_pb_counter_amount overlay\" data-width=\"74%\"><span class=\"et_pb_counter_amount_number\"><\/span><\/span><\/span><\/li>\n<\/ul>\n<\/div>\n<\/div>\n\n<div class=\"et_pb_row_5 et_pb_row et_block_row preset--group--divi-row--divi-box-shadow--default preset--group--divi-row--divi-sizing--default\">\n<div class=\"et_pb_column_12 et_pb_column et_pb_column_4_4 et-last-child et_block_column et_pb_css_mix_blend_mode_passthrough preset--group--divi-column--divi-box-shadow--default preset--group--divi-column--divi-sizing--default\">\n<div class=\"et_pb_text_21 et_pb_text et_pb_bg_layout_light et_pb_module et_block_module preset--module--divi-text--258bb3fd-bfcf-4c1f-99fb-31ea461945c3\"><div class=\"et_pb_text_inner\"><p>Der einzige Bereich, in dem uns Computer mit Hilfe von KI deutlich \u00fcberlegen sind, ist das Sehen. KI kann viel mehr Information schneller und zuverl\u00e4ssiger verarbeiten sowie Ver\u00e4nderungen und Bewegungen besser erkennen als wir das tun. Auch im Berecih der Positionierung haben Computer, vor allem im Zusammenhang mit Satellitendaten, die Nase vorn. Wenn es allerdings darum geht, das Gleichgewicht zu halten, liegen wir nach wie vor deutlich vorne. In allen anderen Bereichen, vor allem aber im reibungslosen Zusammenspiel verschiedener Sinne und der Muskeln unseres K\u00f6rpers, bleibt ner Mensch nach wie vor ungeschlagen.<\/p>\n<\/div><\/div>\n<\/div>\n<\/div>\n<\/div>","protected":false},"excerpt":{"rendered":"","protected":false},"author":1,"featured_media":0,"parent":0,"menu_order":0,"comment_status":"closed","ping_status":"closed","template":"","meta":{"_acf_changed":false,"footnotes":""},"class_list":["post-79","page","type-page","status-publish","hentry"],"acf":[],"_links":{"self":[{"href":"https:\/\/www.9senses.ai\/de\/wp-json\/wp\/v2\/pages\/79","targetHints":{"allow":["GET"]}}],"collection":[{"href":"https:\/\/www.9senses.ai\/de\/wp-json\/wp\/v2\/pages"}],"about":[{"href":"https:\/\/www.9senses.ai\/de\/wp-json\/wp\/v2\/types\/page"}],"author":[{"embeddable":true,"href":"https:\/\/www.9senses.ai\/de\/wp-json\/wp\/v2\/users\/1"}],"replies":[{"embeddable":true,"href":"https:\/\/www.9senses.ai\/de\/wp-json\/wp\/v2\/comments?post=79"}],"version-history":[{"count":0,"href":"https:\/\/www.9senses.ai\/de\/wp-json\/wp\/v2\/pages\/79\/revisions"}],"wp:attachment":[{"href":"https:\/\/www.9senses.ai\/de\/wp-json\/wp\/v2\/media?parent=79"}],"curies":[{"name":"wp","href":"https:\/\/api.w.org\/{rel}","templated":true}]}}