{"id":883,"date":"2025-02-21T12:42:26","date_gmt":"2025-02-21T12:42:26","guid":{"rendered":"https:\/\/www.9senses.ai\/?page_id=883"},"modified":"2026-02-27T11:26:26","modified_gmt":"2026-02-27T11:26:26","slug":"control-and-automation","status":"publish","type":"page","link":"https:\/\/www.9senses.ai\/de\/control-and-automation\/","title":{"rendered":"Steuerung &amp; Automatisierung"},"content":{"rendered":"<div class=\"et_pb_section_0 et_pb_section et_section_regular et_block_section preset--group--divi-section--divi-box-shadow--default preset--group--divi-section--divi-sizing--default\">\n<div class=\"et_pb_row_0 et_pb_row et_block_row preset--group--divi-row--divi-box-shadow--default preset--group--divi-row--divi-sizing--default\">\n<div class=\"et_pb_column_0 et_pb_column et_pb_column_4_4 et-last-child et_block_column et_pb_css_mix_blend_mode_passthrough preset--group--divi-column--divi-box-shadow--default preset--group--divi-column--divi-sizing--default\">\n<div class=\"et_pb_text_0 et_pb_text et_pb_bg_layout_light et_pb_module et_block_module preset--module--divi-text--a32148e6-9ef3-461c-922a-11c84bc82594\"><div class=\"et_pb_text_inner\"><h4>Infrastruktur steuern und \u00fcberwachen<\/h4>\n<\/div><\/div>\n<\/div>\n<\/div>\n\n<div class=\"et_pb_row_1 et_pb_row et_pb_row_3-4_1-4 et_block_row et_block_row_3-4_1-4 preset--group--divi-row--divi-box-shadow--default preset--group--divi-row--divi-sizing--default\">\n<div class=\"et_pb_column_1 et_pb_column et_pb_column_3_4 et_block_column et_pb_css_mix_blend_mode_passthrough preset--group--divi-column--divi-box-shadow--default preset--group--divi-column--divi-sizing--default\">\n<div class=\"et_pb_text_1 et_pb_text et_pb_bg_layout_light et_pb_module et_block_module preset--module--divi-text--869c8dc6-4bb9-4c4d-9fe4-dd172413ccd5\"><div class=\"et_pb_text_inner\"><h1 style=\"text-align: left;\">Steuerung &amp; Automatisierung<\/h1>\n<\/div><\/div>\n\n<div class=\"et_pb_text_2 et_pb_text et_pb_bg_layout_light et_pb_module et_block_module preset--group--divi-text--divi-box-shadow--default preset--group--divi-text--divi-sizing--default preset--module--divi-text--default\"><div class=\"et_pb_text_inner\"><p>Der Betrieb und die \u00dcberwachung jeder Art von Infrastruktur war schon immer schwierig. Die Kombination von monotonen Abl\u00e4ufen im Normalbetrieb und von Stress und Hektik in geplanten und ungeplanten Ausnahmef\u00e4llen hat schon immer zu Problemen f\u00fcr das involvierte Personal und zu hohen Kosten gef\u00fchrt.<\/p>\n<p>Das Ziel jedes Betriebs ist es heute, dass Menschen so wenig wie m\u00f6glich intervenieren m\u00fcssen., dass es so wenig ungeplante Betriebsunterbrechungen wie m\u00f6glich gibt, und dass alles immer im optimalen Betriebszustand betrieben werden kann. Mit den M\u00f6glichkeiten der k\u00fcnstlichen Intelligenz ist dies in bisher unerreichtem Umfang m\u00f6glich.<\/p>\n<\/div><\/div>\n<\/div>\n\n<div class=\"et_pb_column_2 et_pb_column et_pb_column_1_4 et-last-child et_block_column et_pb_css_mix_blend_mode_passthrough preset--group--divi-column--divi-box-shadow--default preset--group--divi-column--divi-sizing--default\">\n<div class=\"et_pb_image_0 et_pb_image et_pb_module et_block_module preset--group--divi-image--divi-box-shadow--default preset--group--divi-image--divi-sizing--default\"><span class=\"et_pb_image_wrap\"><img loading=\"lazy\" decoding=\"async\" src=\"https:\/\/www.9senses.ai\/wp-content\/uploads\/2024\/02\/ai-generator-8.png\" width=\"553\" height=\"408\" srcset=\"https:\/\/www.9senses.ai\/wp-content\/uploads\/2024\/02\/ai-generator-8.png 553w, https:\/\/www.9senses.ai\/wp-content\/uploads\/2024\/02\/ai-generator-8-480x354.png 480w\" sizes=\"(min-width: 0px) and (max-width: 480px) 480px, (min-width: 481px) 553px, 100vw\" class=\"wp-image-81\" title=\"ai-generator-8\" \/><\/span><\/div>\n<\/div>\n<\/div>\n<\/div>\n\n<div class=\"et_pb_section_1 et_pb_section et_section_regular et_block_section preset--group--divi-section--divi-box-shadow--default preset--group--divi-section--divi-sizing--default\">\n<div class=\"et_pb_row_2 et_pb_row et_pb_row_5col et_block_row et_block_row_5col preset--group--divi-row--divi-box-shadow--default preset--group--divi-row--divi-sizing--default\">\n<div class=\"et_pb_column_3 et_pb_column et_pb_column_1_5 et_block_column et_pb_css_mix_blend_mode_passthrough preset--group--divi-column--divi-box-shadow--default preset--group--divi-column--divi-sizing--default\">\n<div class=\"et_pb_icon_0 et_pb_icon et_pb_module et_block_module preset--group--divi-icon--divi-box-shadow--default preset--group--divi-icon--divi-sizing--default\"><span class=\"et_pb_icon_wrap\"><span class=\"et-pb-icon\">\uf2ea<\/span><\/span><\/div>\n\n<div class=\"et_pb_text_3 et_pb_text et_pb_bg_layout_light et_pb_module et_block_module preset--module--divi-text--04dd952a-a3c9-4efe-a73a-5db5502e2b83\"><div class=\"et_pb_text_inner\"><h5>Betrieb<\/h5>\n<\/div><\/div>\n\n<div class=\"et_pb_text_4 et_pb_text et_pb_bg_layout_light et_pb_module et_block_module preset--group--divi-text--divi-box-shadow--default preset--group--divi-text--divi-sizing--default preset--module--divi-text--default\"><div class=\"et_pb_text_inner\"><p>Der Betrieb von IT-Infrastruktur, Industrieanlagen und Geb\u00e4uden kann mit Hilfe von KI und Machine Learning leichter, effizienter und sicherer werden.<\/p>\n<\/div><\/div>\n<\/div>\n\n<div class=\"et_pb_column_4 et_pb_column et_pb_column_1_5 et_block_column et_pb_css_mix_blend_mode_passthrough preset--group--divi-column--divi-box-shadow--default preset--group--divi-column--divi-sizing--default\">\n<div class=\"et_pb_icon_1 et_pb_icon et_pb_module et_block_module preset--group--divi-icon--divi-box-shadow--default preset--group--divi-icon--divi-sizing--default\"><span class=\"et_pb_icon_wrap\"><span class=\"et-pb-icon\">\uf06e<\/span><\/span><\/div>\n\n<div class=\"et_pb_text_5 et_pb_text et_pb_bg_layout_light et_pb_module et_block_module preset--module--divi-text--04dd952a-a3c9-4efe-a73a-5db5502e2b83\"><div class=\"et_pb_text_inner\"><h5>\u00dcberwachung<\/h5>\n<\/div><\/div>\n\n<div class=\"et_pb_text_6 et_pb_text et_pb_bg_layout_light et_pb_module et_block_module preset--group--divi-text--divi-box-shadow--default preset--group--divi-text--divi-sizing--default preset--module--divi-text--default\"><div class=\"et_pb_text_inner\"><p>Auch die \u00dcberwachung von Infrasturktur kann mit Hilfe von Machine Learning und Bildverarbeitung besser und effizienter erfolgen und automatisch reagieren.<\/p>\n<\/div><\/div>\n<\/div>\n\n<div class=\"et_pb_column_5 et_pb_column et_pb_column_1_5 et_block_column et_pb_css_mix_blend_mode_passthrough preset--group--divi-column--divi-box-shadow--default preset--group--divi-column--divi-sizing--default\">\n<div class=\"et_pb_icon_2 et_pb_icon et_pb_module et_block_module preset--group--divi-icon--divi-box-shadow--default preset--group--divi-icon--divi-sizing--default\"><span class=\"et_pb_icon_wrap\"><span class=\"et-pb-icon\">\uf108<\/span><\/span><\/div>\n\n<div class=\"et_pb_text_7 et_pb_text et_pb_bg_layout_light et_pb_module et_block_module preset--module--divi-text--04dd952a-a3c9-4efe-a73a-5db5502e2b83\"><div class=\"et_pb_text_inner\"><h5>Automati-sierung<\/h5>\n<\/div><\/div>\n\n<div class=\"et_pb_text_8 et_pb_text et_pb_bg_layout_light et_pb_module et_block_module preset--group--divi-text--divi-box-shadow--default preset--group--divi-text--divi-sizing--default preset--module--divi-text--default\"><div class=\"et_pb_text_inner\"><p>KI erm\u00f6glicht es, den Betrieb  vollst\u00e4ndig oder teilweise zu automatisieren und damit den Personalbedarf und gleichzeitig das Risiko zu minimieren.<\/p>\n<\/div><\/div>\n<\/div>\n\n<div class=\"et_pb_column_6 et_pb_column et_pb_column_1_5 et_block_column et_pb_css_mix_blend_mode_passthrough preset--group--divi-column--divi-box-shadow--default preset--group--divi-column--divi-sizing--default\">\n<div class=\"et_pb_icon_3 et_pb_icon et_pb_module et_block_module preset--group--divi-icon--divi-box-shadow--default preset--group--divi-icon--divi-sizing--default\"><span class=\"et_pb_icon_wrap\"><span class=\"et-pb-icon\">\uf6e3<\/span><\/span><\/div>\n\n<div class=\"et_pb_text_9 et_pb_text et_pb_bg_layout_light et_pb_module et_block_module preset--module--divi-text--04dd952a-a3c9-4efe-a73a-5db5502e2b83\"><div class=\"et_pb_text_inner\"><h5>Vorbeugende Wartung<\/h5>\n<\/div><\/div>\n\n<div class=\"et_pb_text_10 et_pb_text et_pb_bg_layout_light et_pb_module et_block_module preset--group--divi-text--divi-box-shadow--default preset--group--divi-text--divi-sizing--default preset--module--divi-text--default\"><div class=\"et_pb_text_inner\"><p>Die Reduktion von Wartungskosten und Ausfallzeiten wird m\u00f6glich, wenn mit Hilfe von Machine Learning vorbeugende Wartungskonzepte umgestzt werden.<\/p>\n<\/div><\/div>\n<\/div>\n\n<div class=\"et_pb_column_7 et_pb_column et_pb_column_1_5 et-last-child et_flex_column et_pb_css_mix_blend_mode_passthrough preset--group--divi-column--divi-box-shadow--default preset--group--divi-column--divi-sizing--default\">\n<div class=\"et_pb_module et_pb_button_module_wrapper et_pb_button_0_wrapper preset--module--divi-button--8dcc9157-0925-465a-939a-8b248c782b57_wrapper\"><a class=\"et_pb_button_0 et_pb_button et_pb_bg_layout_dark et_animated et_pb_module et_block_module preset--module--divi-button--8dcc9157-0925-465a-939a-8b248c782b57\" href=\"https:\/\/www.9senses.ai\/wp-content\/uploads\/2026\/02\/2025_Redundancy-Operations.pdf\" target=\"_blank\">Schauen Sie unser White Paper zu Automatisierung und Steuerung an<\/a><\/div>\n<\/div>\n<\/div>\n\n<div class=\"et_pb_row_3 et_pb_row et_pb_row_3-4_1-4 et_block_row et_block_row_3-4_1-4 preset--group--divi-row--divi-box-shadow--default preset--group--divi-row--divi-sizing--default\">\n<div class=\"et_pb_column_8 et_pb_column et_pb_column_3_4 et_block_column et_pb_css_mix_blend_mode_passthrough preset--group--divi-column--divi-box-shadow--default preset--group--divi-column--divi-sizing--default\">\n<div class=\"et_pb_text_11 et_pb_text et_pb_bg_layout_light et_pb_module et_block_module preset--group--divi-text--divi-box-shadow--default preset--group--divi-text--divi-sizing--default preset--module--divi-text--default\"><div class=\"et_pb_text_inner\"><p>9senses hat jahrzehntelange Erfahrung in der Verbindung von Infrastruktur mit moderner Informationstechnologie und kann dabei helfen, Ihre Infrastruktur zukunftssicher zu machen.<\/p>\n<\/div><\/div>\n<\/div>\n\n<div class=\"et_pb_column_9 et_pb_column et_pb_column_1_4 et-last-child et_block_column et_pb_column_empty et_pb_css_mix_blend_mode_passthrough preset--group--divi-column--divi-box-shadow--default preset--group--divi-column--divi-sizing--default\"><\/div>\n<\/div>\n<\/div>","protected":false},"excerpt":{"rendered":"","protected":false},"author":1,"featured_media":0,"parent":0,"menu_order":0,"comment_status":"closed","ping_status":"closed","template":"","meta":{"_acf_changed":false,"footnotes":""},"class_list":["post-883","page","type-page","status-publish","hentry"],"acf":[],"_links":{"self":[{"href":"https:\/\/www.9senses.ai\/de\/wp-json\/wp\/v2\/pages\/883","targetHints":{"allow":["GET"]}}],"collection":[{"href":"https:\/\/www.9senses.ai\/de\/wp-json\/wp\/v2\/pages"}],"about":[{"href":"https:\/\/www.9senses.ai\/de\/wp-json\/wp\/v2\/types\/page"}],"author":[{"embeddable":true,"href":"https:\/\/www.9senses.ai\/de\/wp-json\/wp\/v2\/users\/1"}],"replies":[{"embeddable":true,"href":"https:\/\/www.9senses.ai\/de\/wp-json\/wp\/v2\/comments?post=883"}],"version-history":[{"count":0,"href":"https:\/\/www.9senses.ai\/de\/wp-json\/wp\/v2\/pages\/883\/revisions"}],"wp:attachment":[{"href":"https:\/\/www.9senses.ai\/de\/wp-json\/wp\/v2\/media?parent=883"}],"curies":[{"name":"wp","href":"https:\/\/api.w.org\/{rel}","templated":true}]}}